{"id":64406,"date":"2020-04-23T09:59:05","date_gmt":"2020-04-23T08:59:05","guid":{"rendered":"https:\/\/novogen-layers.com\/contact\/"},"modified":"2025-07-30T16:55:52","modified_gmt":"2025-07-30T15:55:52","slug":"contact","status":"publish","type":"page","link":"https:\/\/novogen-layers.com\/pt-br\/contact\/","title":{"rendered":"Contate-nos"},"content":{"rendered":"<p>[et_pb_section fb_built=&#8221;1&#8243; _builder_version=&#8221;4.27.4&#8243; _module_preset=&#8221;default&#8221; background_color=&#8221;gcid-96f60e00-5d07-41f1-ba70-d62643e63fa0&#8243; background_image=&#8221;https:\/\/novogen-layers.com\/wp-content\/uploads\/2025\/01\/fond-bleu-tiny.png&#8221; background_size=&#8221;contain&#8221; background_position=&#8221;top_right&#8221; custom_padding=&#8221;0px|0%|0px|0%|false|true&#8221; global_colors_info=&#8221;{%22gcid-96f60e00-5d07-41f1-ba70-d62643e63fa0%22:%91%22background_color%22%93}&#8221;][et_pb_row column_structure=&#8221;1_2,1_2&#8243; gutter_width=&#8221;1&#8243; _builder_version=&#8221;4.27.4&#8243; _module_preset=&#8221;default&#8221; max_width=&#8221;100%&#8221; custom_padding=&#8221;0px|0px|50px|7%|false|false&#8221; global_colors_info=&#8221;{}&#8221;][et_pb_column type=&#8221;1_2&#8243; _builder_version=&#8221;4.27.4&#8243; _module_preset=&#8221;default&#8221; custom_padding=&#8221;100px||100px||false|false&#8221; global_colors_info=&#8221;{}&#8221;][et_pb_text _builder_version=&#8221;4.27.4&#8243; _module_preset=&#8221;default&#8221; text_text_color=&#8221;#FFFFFF&#8221; header_text_color=&#8221;#FFFFFF&#8221; header_font_size=&#8221;45px&#8221; custom_margin=&#8221;||20px||false|false&#8221; global_colors_info=&#8221;{}&#8221;]<\/p>\n<h1>Contact<\/h1>\n<p>[\/et_pb_text][et_pb_button button_url=&#8221;#contact&#8221; button_text=&#8221;Encontre o contato em seu pa\u00eds&#8221; _builder_version=&#8221;4.27.4&#8243; _module_preset=&#8221;default&#8221; custom_button=&#8221;on&#8221; button_icon=&#8221;&#x55;||divi||400&#8243; button_icon_placement=&#8221;left&#8221; button_on_hover=&#8221;off&#8221; global_colors_info=&#8221;{}&#8221;][\/et_pb_button][\/et_pb_column][et_pb_column type=&#8221;1_2&#8243; _builder_version=&#8221;4.24.2&#8243; _module_preset=&#8221;default&#8221; global_colors_info=&#8221;{}&#8221;][et_pb_image src=&#8221;https:\/\/novogen-layers.com\/wp-content\/uploads\/2025\/05\/header-contact-novogen.webp&#8221; title_text=&#8221;header-contact-novogen&#8221; disabled_on=&#8221;on|on|off&#8221; _builder_version=&#8221;4.27.4&#8243; _module_preset=&#8221;default&#8221; global_colors_info=&#8221;{}&#8221;][\/et_pb_image][\/et_pb_column][\/et_pb_row][\/et_pb_section][et_pb_section fb_built=&#8221;1&#8243; _builder_version=&#8221;4.27.4&#8243; _module_preset=&#8221;default&#8221; background_color=&#8221;gcid-96f60e00-5d07-41f1-ba70-d62643e63fa0&#8243; custom_padding=&#8221;0px|7%|100px|7%|false|true&#8221; custom_padding_phone=&#8221;|5%||5%|true|true&#8221; global_colors_info=&#8221;{%22gcid-96f60e00-5d07-41f1-ba70-d62643e63fa0%22:%91%22background_color%22%93}&#8221;][et_pb_row column_structure=&#8221;1_2,1_2&#8243; gutter_width=&#8221;4&#8243; _builder_version=&#8221;4.27.4&#8243; _module_preset=&#8221;default&#8221; custom_margin=&#8221;||||false|false&#8221; custom_padding=&#8221;||0px||false|true&#8221; hover_enabled=&#8221;0&#8243; global_colors_info=&#8221;{}&#8221; sticky_enabled=&#8221;0&#8243;][et_pb_column type=&#8221;1_2&#8243; _builder_version=&#8221;4.27.4&#8243; _module_preset=&#8221;default&#8221; border_color_left=&#8221;#008eba&#8221; box_shadow_style=&#8221;preset1&#8243; global_colors_info=&#8221;{}&#8221;][et_pb_text _builder_version=&#8221;4.27.4&#8243; _module_preset=&#8221;default&#8221; text_font_size=&#8221;16px&#8221; background_color=&#8221;#FFFFFF&#8221; custom_margin=&#8221;||||false|false&#8221; custom_padding=&#8221;5%|7%|5%|7%|true|true&#8221; hover_enabled=&#8221;0&#8243; border_radii=&#8221;on|10px|10px|10px|10px&#8221; border_color_left=&#8221;#008eba&#8221; global_colors_info=&#8221;{}&#8221; sticky_enabled=&#8221;0&#8243;]<\/p>\n<h3><span>NOVOGEN<br \/><\/span><\/h3>\n<p>5, rue des compagnons<br \/>Secteur du Vau Ballier<br \/>22960 PLEDRAN<\/p>\n<p>Tel : <span>+33 2 96 58 12 60<\/span><br \/>E-mail : <span><a href=\"mailto:contact.novogen@novogen-layers.com\">contact.novogen@novogen-layers.com<\/a><\/span><\/p>\n<p>[\/et_pb_text][\/et_pb_column][et_pb_column type=&#8221;1_2&#8243; _builder_version=&#8221;4.27.4&#8243; _module_preset=&#8221;default&#8221; global_colors_info=&#8221;{}&#8221;][et_pb_text _builder_version=&#8221;4.27.4&#8243; text_font=&#8221;||||||||&#8221; text_text_color=&#8221;#ffffff&#8221; text_font_size=&#8221;20px&#8221; header_font=&#8221;||||||||&#8221; header_2_font=&#8221;||||||||&#8221; header_2_text_color=&#8221;#ffffff&#8221; header_2_font_size=&#8221;33px&#8221; header_2_line_height=&#8221;1.2em&#8221; max_width=&#8221;60%&#8221; max_width_tablet=&#8221;100%&#8221; max_width_phone=&#8221;100%&#8221; max_width_last_edited=&#8221;on|desktop&#8221; custom_margin=&#8221;||0px||false|false&#8221; custom_margin_tablet=&#8221;0px||||false|false&#8221; custom_margin_phone=&#8221;|0px||0px|false|false&#8221; custom_margin_last_edited=&#8221;on|tablet&#8221; custom_padding=&#8221;5px||41px||false|false&#8221; custom_padding_tablet=&#8221;77px||50px|0px|false|false&#8221; custom_padding_phone=&#8221;73px|0px|50px|0px|false|false&#8221; custom_padding_last_edited=&#8221;on|phone&#8221; header_2_text_align_tablet=&#8221;left&#8221; header_2_text_align_phone=&#8221;&#8221; header_2_text_align_last_edited=&#8221;on|tablet&#8221; header_2_font_size_tablet=&#8221;&#8221; header_2_font_size_phone=&#8221;35px&#8221; header_2_font_size_last_edited=&#8221;on|phone&#8221; custom_css_main_element=&#8221;||&#8221; border_color_left=&#8221;#ffffff&#8221; border_width_all_tablet=&#8221;&#8221; border_width_all_phone=&#8221;&#8221; border_width_all_last_edited=&#8221;on|desktop&#8221; border_width_left_tablet=&#8221;0px&#8221; border_width_left_phone=&#8221;0px&#8221; border_width_left_last_edited=&#8221;on|phone&#8221; global_colors_info=&#8221;{}&#8221;]<\/p>\n<h2>Assine nossos boletins<\/h2>\n<p><span>Para acompanhar todas as novidades da Novogen, assine nossa newsletter ou siga-nos no\u00a0<\/span><span><a href=\"https:\/\/fr.linkedin.com\/company\/novogen-layers\" target=\"_blank\" rel=\"noopener noreferrer\">Linkedin<\/a><\/span><span>.<\/span><\/p>\n<p>[\/et_pb_text][et_pb_button button_url=&#8221;https:\/\/65bac61a.sibforms.com\/serve\/MUIEAJRfR5aWCAzRymhwrgp3AVGr6nSd845CxJFbEX4r8mW_UFB8xNdn9IlFTc3-TSSoBnXh_cYgWBX32tu_ePnPcAIiidSPkzCwMZmy0t_Yeg5wwpZf9yhbK1j_zhz3Wv6CqQYcLRCb3bO6U3LHtnTmR7UGPcazwai2Wn2yd_ytG6dPwIJ5gAyZZzkWtmkJCR_Jp_7ts0ZEmcaY&#8221; url_new_window=&#8221;on&#8221; button_text=&#8221;SE INSCREVER&#8221; _builder_version=&#8221;4.27.4&#8243; _module_preset=&#8221;default&#8221; custom_margin=&#8221;||||false|false&#8221; custom_padding=&#8221;10px|20px|10px|20px|true|true&#8221; global_colors_info=&#8221;{}&#8221;][\/et_pb_button][\/et_pb_column][\/et_pb_row][\/et_pb_section][et_pb_section fb_built=&#8221;1&#8243; module_id=&#8221;contact&#8221; _builder_version=&#8221;4.27.4&#8243; _module_preset=&#8221;default&#8221; custom_padding=&#8221;100px|7%|0px|7%|false|true&#8221; custom_padding_tablet=&#8221;50px||||false|true&#8221; global_colors_info=&#8221;{}&#8221;][et_pb_row _builder_version=&#8221;4.27.4&#8243; _module_preset=&#8221;default&#8221; custom_padding=&#8221;||0px|||&#8221; global_colors_info=&#8221;{}&#8221;][et_pb_column type=&#8221;4_4&#8243; _builder_version=&#8221;4.27.4&#8243; _module_preset=&#8221;default&#8221; global_colors_info=&#8221;{}&#8221;][et_pb_code _builder_version=&#8221;4.27.4&#8243; _module_preset=&#8221;default&#8221; global_colors_info=&#8221;{}&#8221;]        <div class=\"md:grid grid-cols-5 gap-16 pb-[120px]! bg-no-repeat! bg-[350px_auto]! bg-[left_bottom]! bg-[url(\/wp-content\/uploads\/2025\/01\/arrondi-oeuf.svg)]!\">\n            <div class=\"col-span-2\">\n                <h2 class=\"pb-0! text-[#004a7c]! text-[37px]!\">Encontre o contacto para o seu pa\u00eds<\/h2>\n                <div class=\"w-24 my-8! border-b! border-black!\"><\/div>\n            <\/div>\n            <div class=\"col-span-3\">\n                <form class=\"relative\"\n                      hx-get=\"https:\/\/novogen-layers.com\/wp-admin\/admin-ajax.php?action=contact_suggestions\"\n                      hx-trigger=\"submit changed, input[target.value.length >= 2] changed from:#contact-search delay:300ms, focus changed from:#contact-search\"\n                      hx-target=\"#contact-search-suggestions\"\n                      hx-on:focusout=\"(!event.relatedTarget || !this.contains(event.relatedTarget)) && (this.children['contact-search-suggestions'].style.display = 'none')\">\n                    <label for=\"contact-search\" class=\"sr-only\">Pesquisar<\/label>\n                    <input type=\"search\"\n                           name=\"query\"\n                           id=\"contact-search\"\n                           placeholder=\"Introduza o nome do seu pa\u00eds\"\n                           class=\"w-full block px-6 py-4 relative z-10 border border-black rounded-lg shadow-md\"\n                           autocomplete=\"off\"\n                           hx-on:focus=\"this.form.children['contact-search-suggestions'].style.display = ''\">\n                    <svg class=\"size-5 animate-spin text-[#004a7c] htmx-indicator absolute top-0 right-0 z-10 m-4\"\n                         xmlns=\"http:\/\/www.w3.org\/2000\/svg\" fill=\"none\" viewBox=\"0 0 24 24\">\n                        <circle class=\"opacity-25\" cx=\"12\" cy=\"12\" r=\"10\" stroke=\"currentColor\"\n                                stroke-width=\"4\"><\/circle>\n                        <path class=\"opacity-75\" fill=\"currentColor\"\n                              d=\"M4 12a8 8 0 018-8V0C5.373 0 0 5.373 0 12h4zm2 5.291A7.962 7.962 0 014 12H0c0 3.042 1.135 5.824 3 7.938l3-2.647z\"><\/path>\n                    <\/svg>\n                    <div id=\"contact-search-suggestions\"><\/div>\n                <\/form>\n                <div id=\"contact-search-results-loading\" class=\"flex justify-center items-center mt-16 htmx-indicator\">\n                    <svg class=\"size-5 mr-2 animate-spin text-[#004a7c]\"\n                         xmlns=\"http:\/\/www.w3.org\/2000\/svg\" fill=\"none\" viewBox=\"0 0 24 24\">\n                        <circle class=\"opacity-25\" cx=\"12\" cy=\"12\" r=\"10\" stroke=\"currentColor\"\n                                stroke-width=\"4\"><\/circle>\n                        <path class=\"opacity-75\" fill=\"currentColor\"\n                              d=\"M4 12a8 8 0 018-8V0C5.373 0 0 5.373 0 12h4zm2 5.291A7.962 7.962 0 014 12H0c0 3.042 1.135 5.824 3 7.938l3-2.647z\"><\/path>\n                    <\/svg>\n                    <span>Chargement&hellip;<\/span>\n                <\/div>\n                <div id=\"contact-search-results\"><\/div>\n            <\/div>\n        <\/div>\n\t\t[\/et_pb_code][\/et_pb_column][\/et_pb_row][\/et_pb_section]<\/p>\n","protected":false},"excerpt":{"rendered":"<p>ContactNOVOGEN 5, rue des compagnonsSecteur du Vau Ballier22960 PLEDRAN Tel : +33 2 96 58 12 60E-mail : contact.novogen@novogen-layers.comAssine nossos boletins Para acompanhar todas as novidades da Novogen, assine nossa newsletter ou siga-nos no\u00a0Linkedin.        <div class=\"md:grid grid-cols-5 gap-16 pb-[120px]! bg-no-repeat! bg-[350px_auto]! bg-[left_bottom]! bg-[url(\/wp-content\/uploads\/2025\/01\/arrondi-oeuf.svg)]!\">\n            <div class=\"col-span-2\">\n                <h2 class=\"pb-0! text-[#004a7c]! text-[37px]!\">Encontre o contacto para o seu pa\u00eds<\/h2>\n                <div class=\"w-24 my-8! border-b! border-black!\"><\/div>\n            <\/div>\n            <div class=\"col-span-3\">\n                <form class=\"relative\"\n                      hx-get=\"https:\/\/novogen-layers.com\/wp-admin\/admin-ajax.php?action=contact_suggestions\"\n                      hx-trigger=\"submit changed, input[target.value.length >= 2] changed from:#contact-search delay:300ms, focus changed from:#contact-search\"\n                      hx-target=\"#contact-search-suggestions\"\n                      hx-on:focusout=\"(!event.relatedTarget || !this.contains(event.relatedTarget)) && (this.children['contact-search-suggestions'].style.display = 'none')\">\n                    <label for=\"contact-search\" class=\"sr-only\">Pesquisar<\/label>\n                    <input type=\"search\"\n                           name=\"query\"\n                           id=\"contact-search\"\n                           placeholder=\"Introduza o nome do seu pa\u00eds\"\n                           class=\"w-full block px-6 py-4 relative z-10 border border-black rounded-lg shadow-md\"\n                           autocomplete=\"off\"\n                           hx-on:focus=\"this.form.children['contact-search-suggestions'].style.display = ''\">\n                    <svg class=\"size-5 animate-spin text-[#004a7c] htmx-indicator absolute top-0 right-0 z-10 m-4\"\n                         xmlns=\"http:\/\/www.w3.org\/2000\/svg\" fill=\"none\" viewBox=\"0 0 24 24\">\n                        <circle class=\"opacity-25\" cx=\"12\" cy=\"12\" r=\"10\" stroke=\"currentColor\"\n                                stroke-width=\"4\"><\/circle>\n                        <path class=\"opacity-75\" fill=\"currentColor\"\n                              d=\"M4 12a8 8 0 018-8V0C5.373 0 0 5.373 0 12h4zm2 5.291A7.962 7.962 0 014 12H0c0 3.042 1.135 5.824 3 7.938l3-2.647z\"><\/path>\n                    <\/svg>\n                    <div id=\"contact-search-suggestions\"><\/div>\n                <\/form>\n                <div id=\"contact-search-results-loading\" class=\"flex justify-center items-center mt-16 htmx-indicator\">\n                    <svg class=\"size-5 mr-2 animate-spin text-[#004a7c]\"\n                         xmlns=\"http:\/\/www.w3.org\/2000\/svg\" fill=\"none\" viewBox=\"0 0 24 24\">\n                        <circle class=\"opacity-25\" cx=\"12\" cy=\"12\" r=\"10\" stroke=\"currentColor\"\n                                stroke-width=\"4\"><\/circle>\n                        <path class=\"opacity-75\" fill=\"currentColor\"\n                              d=\"M4 12a8 8 0 018-8V0C5.373 0 0 5.373 0 12h4zm2 5.291A7.962 7.962 0 014 12H0c0 3.042 1.135 5.824 3 7.938l3-2.647z\"><\/path>\n                    <\/svg>\n                    <span>Chargement&hellip;<\/span>\n                <\/div>\n                <div id=\"contact-search-results\"><\/div>\n            <\/div>\n        <\/div>\n\t\t<\/p>\n","protected":false},"author":11,"featured_media":0,"parent":0,"menu_order":0,"comment_status":"closed","ping_status":"closed","template":"","meta":{"_acf_changed":false,"_et_pb_use_builder":"on","_et_pb_old_content":"","_et_gb_content_width":"","footnotes":"","_links_to":"","_links_to_target":""},"class_list":["post-64406","page","type-page","status-publish","hentry"],"acf":[],"yoast_head":"<!-- This site is optimized with the Yoast SEO plugin v27.2 - https:\/\/yoast.com\/product\/yoast-seo-wordpress\/ -->\n<title>Entre em contato com a Novogen em seu pa\u00eds<\/title>\n<meta name=\"description\" content=\"Voc\u00ea tem alguma d\u00favida? Um projeto? N\u00e3o hesite em entrar em contato conosco para obter mais informa\u00e7\u00f5es. Teremos prazer em discutir com voc\u00ea.\" \/>\n<meta name=\"robots\" content=\"index, follow, max-snippet:-1, max-image-preview:large, max-video-preview:-1\" \/>\n<link rel=\"canonical\" href=\"https:\/\/novogen-layers.com\/pt-br\/contact\/\" \/>\n<meta property=\"og:locale\" content=\"pt_BR\" \/>\n<meta property=\"og:type\" content=\"article\" \/>\n<meta property=\"og:title\" content=\"Entre em contato com a Novogen em seu pa\u00eds\" \/>\n<meta property=\"og:description\" content=\"Voc\u00ea tem alguma d\u00favida? Um projeto? N\u00e3o hesite em entrar em contato conosco para obter mais informa\u00e7\u00f5es. Teremos prazer em discutir com voc\u00ea.\" \/>\n<meta property=\"og:url\" content=\"https:\/\/novogen-layers.com\/pt-br\/contact\/\" \/>\n<meta property=\"og:site_name\" content=\"Novogen Layers\" \/>\n<meta property=\"article:modified_time\" content=\"2025-07-30T15:55:52+00:00\" \/>\n<meta name=\"twitter:card\" content=\"summary_large_image\" \/>\n<meta name=\"twitter:label1\" content=\"Est. tempo de leitura\" \/>\n\t<meta name=\"twitter:data1\" content=\"1 minuto\" \/>\n<script type=\"application\/ld+json\" class=\"yoast-schema-graph\">{\"@context\":\"https:\/\/schema.org\",\"@graph\":[{\"@type\":\"WebPage\",\"@id\":\"https:\/\/novogen-layers.com\/pt-br\/contact\/\",\"url\":\"https:\/\/novogen-layers.com\/pt-br\/contact\/\",\"name\":\"Entre em contato com a Novogen em seu pa\u00eds\",\"isPartOf\":{\"@id\":\"https:\/\/novogen-layers.com\/pt-br\/#website\"},\"datePublished\":\"2020-04-23T08:59:05+00:00\",\"dateModified\":\"2025-07-30T15:55:52+00:00\",\"description\":\"Voc\u00ea tem alguma d\u00favida? Um projeto? N\u00e3o hesite em entrar em contato conosco para obter mais informa\u00e7\u00f5es. Teremos prazer em discutir com voc\u00ea.\",\"breadcrumb\":{\"@id\":\"https:\/\/novogen-layers.com\/pt-br\/contact\/#breadcrumb\"},\"inLanguage\":\"pt-BR\",\"potentialAction\":[{\"@type\":\"ReadAction\",\"target\":[\"https:\/\/novogen-layers.com\/pt-br\/contact\/\"]}]},{\"@type\":\"BreadcrumbList\",\"@id\":\"https:\/\/novogen-layers.com\/pt-br\/contact\/#breadcrumb\",\"itemListElement\":[{\"@type\":\"ListItem\",\"position\":1,\"name\":\"Accueil\",\"item\":\"https:\/\/novogen-layers.com\/pt-br\/\"},{\"@type\":\"ListItem\",\"position\":2,\"name\":\"Contate-nos\"}]},{\"@type\":\"WebSite\",\"@id\":\"https:\/\/novogen-layers.com\/pt-br\/#website\",\"url\":\"https:\/\/novogen-layers.com\/pt-br\/\",\"name\":\"Novogen Layers\",\"description\":\"Prendre soin de la vie\",\"publisher\":{\"@id\":\"https:\/\/novogen-layers.com\/pt-br\/#organization\"},\"potentialAction\":[{\"@type\":\"SearchAction\",\"target\":{\"@type\":\"EntryPoint\",\"urlTemplate\":\"https:\/\/novogen-layers.com\/pt-br\/?s={search_term_string}\"},\"query-input\":{\"@type\":\"PropertyValueSpecification\",\"valueRequired\":true,\"valueName\":\"search_term_string\"}}],\"inLanguage\":\"pt-BR\"},{\"@type\":\"Organization\",\"@id\":\"https:\/\/novogen-layers.com\/pt-br\/#organization\",\"name\":\"Novogen\",\"url\":\"https:\/\/novogen-layers.com\/pt-br\/\",\"logo\":{\"@type\":\"ImageObject\",\"inLanguage\":\"pt-BR\",\"@id\":\"https:\/\/novogen-layers.com\/pt-br\/#\/schema\/logo\/image\/\",\"url\":\"https:\/\/novogen-layers.com\/wp-content\/uploads\/2022\/01\/logocarre_V2.svg\",\"contentUrl\":\"https:\/\/novogen-layers.com\/wp-content\/uploads\/2022\/01\/logocarre_V2.svg\",\"width\":512,\"height\":350,\"caption\":\"Novogen\"},\"image\":{\"@id\":\"https:\/\/novogen-layers.com\/pt-br\/#\/schema\/logo\/image\/\"}}]}<\/script>\n<!-- \/ Yoast SEO plugin. -->","yoast_head_json":{"title":"Entre em contato com a Novogen em seu pa\u00eds","description":"Voc\u00ea tem alguma d\u00favida? Um projeto? N\u00e3o hesite em entrar em contato conosco para obter mais informa\u00e7\u00f5es. Teremos prazer em discutir com voc\u00ea.","robots":{"index":"index","follow":"follow","max-snippet":"max-snippet:-1","max-image-preview":"max-image-preview:large","max-video-preview":"max-video-preview:-1"},"canonical":"https:\/\/novogen-layers.com\/pt-br\/contact\/","og_locale":"pt_BR","og_type":"article","og_title":"Entre em contato com a Novogen em seu pa\u00eds","og_description":"Voc\u00ea tem alguma d\u00favida? Um projeto? N\u00e3o hesite em entrar em contato conosco para obter mais informa\u00e7\u00f5es. Teremos prazer em discutir com voc\u00ea.","og_url":"https:\/\/novogen-layers.com\/pt-br\/contact\/","og_site_name":"Novogen Layers","article_modified_time":"2025-07-30T15:55:52+00:00","twitter_card":"summary_large_image","twitter_misc":{"Est. tempo de leitura":"1 minuto"},"schema":{"@context":"https:\/\/schema.org","@graph":[{"@type":"WebPage","@id":"https:\/\/novogen-layers.com\/pt-br\/contact\/","url":"https:\/\/novogen-layers.com\/pt-br\/contact\/","name":"Entre em contato com a Novogen em seu pa\u00eds","isPartOf":{"@id":"https:\/\/novogen-layers.com\/pt-br\/#website"},"datePublished":"2020-04-23T08:59:05+00:00","dateModified":"2025-07-30T15:55:52+00:00","description":"Voc\u00ea tem alguma d\u00favida? Um projeto? N\u00e3o hesite em entrar em contato conosco para obter mais informa\u00e7\u00f5es. Teremos prazer em discutir com voc\u00ea.","breadcrumb":{"@id":"https:\/\/novogen-layers.com\/pt-br\/contact\/#breadcrumb"},"inLanguage":"pt-BR","potentialAction":[{"@type":"ReadAction","target":["https:\/\/novogen-layers.com\/pt-br\/contact\/"]}]},{"@type":"BreadcrumbList","@id":"https:\/\/novogen-layers.com\/pt-br\/contact\/#breadcrumb","itemListElement":[{"@type":"ListItem","position":1,"name":"Accueil","item":"https:\/\/novogen-layers.com\/pt-br\/"},{"@type":"ListItem","position":2,"name":"Contate-nos"}]},{"@type":"WebSite","@id":"https:\/\/novogen-layers.com\/pt-br\/#website","url":"https:\/\/novogen-layers.com\/pt-br\/","name":"Novogen Layers","description":"Prendre soin de la vie","publisher":{"@id":"https:\/\/novogen-layers.com\/pt-br\/#organization"},"potentialAction":[{"@type":"SearchAction","target":{"@type":"EntryPoint","urlTemplate":"https:\/\/novogen-layers.com\/pt-br\/?s={search_term_string}"},"query-input":{"@type":"PropertyValueSpecification","valueRequired":true,"valueName":"search_term_string"}}],"inLanguage":"pt-BR"},{"@type":"Organization","@id":"https:\/\/novogen-layers.com\/pt-br\/#organization","name":"Novogen","url":"https:\/\/novogen-layers.com\/pt-br\/","logo":{"@type":"ImageObject","inLanguage":"pt-BR","@id":"https:\/\/novogen-layers.com\/pt-br\/#\/schema\/logo\/image\/","url":"https:\/\/novogen-layers.com\/wp-content\/uploads\/2022\/01\/logocarre_V2.svg","contentUrl":"https:\/\/novogen-layers.com\/wp-content\/uploads\/2022\/01\/logocarre_V2.svg","width":512,"height":350,"caption":"Novogen"},"image":{"@id":"https:\/\/novogen-layers.com\/pt-br\/#\/schema\/logo\/image\/"}}]}},"publishpress_future_action":{"enabled":false,"date":"2026-04-25 08:48:14","action":"change-status","newStatus":"draft","terms":[],"taxonomy":"translation_priority","extraData":[]},"publishpress_future_workflow_manual_trigger":{"enabledWorkflows":[]},"_links":{"self":[{"href":"https:\/\/novogen-layers.com\/pt-br\/wp-json\/wp\/v2\/pages\/64406","targetHints":{"allow":["GET"]}}],"collection":[{"href":"https:\/\/novogen-layers.com\/pt-br\/wp-json\/wp\/v2\/pages"}],"about":[{"href":"https:\/\/novogen-layers.com\/pt-br\/wp-json\/wp\/v2\/types\/page"}],"author":[{"embeddable":true,"href":"https:\/\/novogen-layers.com\/pt-br\/wp-json\/wp\/v2\/users\/11"}],"replies":[{"embeddable":true,"href":"https:\/\/novogen-layers.com\/pt-br\/wp-json\/wp\/v2\/comments?post=64406"}],"version-history":[{"count":0,"href":"https:\/\/novogen-layers.com\/pt-br\/wp-json\/wp\/v2\/pages\/64406\/revisions"}],"wp:attachment":[{"href":"https:\/\/novogen-layers.com\/pt-br\/wp-json\/wp\/v2\/media?parent=64406"}],"curies":[{"name":"wp","href":"https:\/\/api.w.org\/{rel}","templated":true}]}}