{"id":63305,"date":"2020-04-23T09:59:05","date_gmt":"2020-04-23T08:59:05","guid":{"rendered":"https:\/\/novogen-layers.com\/contact\/"},"modified":"2025-07-30T16:55:29","modified_gmt":"2025-07-30T15:55:29","slug":"contacto","status":"publish","type":"page","link":"https:\/\/novogen-layers.com\/es\/contacto\/","title":{"rendered":"Contacto"},"content":{"rendered":"<p>[et_pb_section fb_built=\u00bb1&#8243; _builder_version=\u00bb4.27.4&#8243; _module_preset=\u00bbdefault\u00bb background_color=\u00bbgcid-96f60e00-5d07-41f1-ba70-d62643e63fa0&#8243; background_image=\u00bbhttps:\/\/novogen-layers.com\/wp-content\/uploads\/2025\/01\/fond-bleu-tiny.png\u00bb background_size=\u00bbcontain\u00bb background_position=\u00bbtop_right\u00bb custom_padding=\u00bb0px|0%|0px|0%|false|true\u00bb global_colors_info=\u00bb{%22gcid-96f60e00-5d07-41f1-ba70-d62643e63fa0%22:%91%22background_color%22%93}\u00bb][et_pb_row column_structure=\u00bb1_2,1_2&#8243; gutter_width=\u00bb1&#8243; _builder_version=\u00bb4.27.4&#8243; _module_preset=\u00bbdefault\u00bb max_width=\u00bb100%\u00bb custom_padding=\u00bb0px|0px|50px|7%|false|false\u00bb global_colors_info=\u00bb{}\u00bb][et_pb_column type=\u00bb1_2&#8243; _builder_version=\u00bb4.27.4&#8243; _module_preset=\u00bbdefault\u00bb custom_padding=\u00bb100px||100px||false|false\u00bb global_colors_info=\u00bb{}\u00bb][et_pb_text _builder_version=\u00bb4.27.4&#8243; _module_preset=\u00bbdefault\u00bb text_text_color=\u00bb#FFFFFF\u00bb header_text_color=\u00bb#FFFFFF\u00bb header_font_size=\u00bb45px\u00bb custom_margin=\u00bb||20px||false|false\u00bb global_colors_info=\u00bb{}\u00bb]<\/p>\n<h1>Contact<\/h1>\n<p>[\/et_pb_text][et_pb_button button_url=\u00bb#contact\u00bb button_text=\u00bbEncuentra el contacto en tu pa\u00eds\u00bb _builder_version=\u00bb4.27.4&#8243; _module_preset=\u00bbdefault\u00bb custom_button=\u00bbon\u00bb button_icon=\u00bb&#x55;||divi||400&#8243; button_icon_placement=\u00bbleft\u00bb button_on_hover=\u00bboff\u00bb global_colors_info=\u00bb{}\u00bb][\/et_pb_button][\/et_pb_column][et_pb_column type=\u00bb1_2&#8243; _builder_version=\u00bb4.24.2&#8243; _module_preset=\u00bbdefault\u00bb global_colors_info=\u00bb{}\u00bb][et_pb_image src=\u00bbhttps:\/\/novogen-layers.com\/wp-content\/uploads\/2025\/05\/header-contact-novogen.webp\u00bb title_text=\u00bbheader-contact-novogen\u00bb disabled_on=\u00bbon|on|off\u00bb _builder_version=\u00bb4.27.4&#8243; _module_preset=\u00bbdefault\u00bb global_colors_info=\u00bb{}\u00bb][\/et_pb_image][\/et_pb_column][\/et_pb_row][\/et_pb_section][et_pb_section fb_built=\u00bb1&#8243; _builder_version=\u00bb4.27.4&#8243; _module_preset=\u00bbdefault\u00bb background_color=\u00bbgcid-96f60e00-5d07-41f1-ba70-d62643e63fa0&#8243; custom_padding=\u00bb0px|7%|100px|7%|false|true\u00bb custom_padding_phone=\u00bb|5%||5%|true|true\u00bb global_colors_info=\u00bb{%22gcid-96f60e00-5d07-41f1-ba70-d62643e63fa0%22:%91%22background_color%22%93}\u00bb][et_pb_row column_structure=\u00bb1_2,1_2&#8243; gutter_width=\u00bb4&#8243; _builder_version=\u00bb4.27.4&#8243; _module_preset=\u00bbdefault\u00bb custom_margin=\u00bb||||false|false\u00bb custom_padding=\u00bb||0px||false|true\u00bb hover_enabled=\u00bb0&#8243; global_colors_info=\u00bb{}\u00bb sticky_enabled=\u00bb0&#8243;][et_pb_column type=\u00bb1_2&#8243; _builder_version=\u00bb4.27.4&#8243; _module_preset=\u00bbdefault\u00bb border_color_left=\u00bb#008eba\u00bb box_shadow_style=\u00bbpreset1&#8243; global_colors_info=\u00bb{}\u00bb][et_pb_text _builder_version=\u00bb4.27.4&#8243; _module_preset=\u00bbdefault\u00bb text_font_size=\u00bb16px\u00bb background_color=\u00bb#FFFFFF\u00bb custom_margin=\u00bb||||false|false\u00bb custom_padding=\u00bb5%|7%|5%|7%|true|true\u00bb border_radii=\u00bbon|10px|10px|10px|10px\u00bb border_color_left=\u00bb#008eba\u00bb global_colors_info=\u00bb{}\u00bb]<\/p>\n<h3><span>NOVOGEN<br \/><\/span><\/h3>\n<p>5, rue des compagnons<br \/>Secteur du Vau Ballier<br \/>22960 PLEDRAN<\/p>\n<p>Tel : <span>+33 2 96 58 12 60<\/span><br \/>E-mail : <span><a href=\"mailto:contact.novogen@novogen-layers.com\">contact.novogen@novogen-layers.com<\/a><\/span><\/p>\n<p>[\/et_pb_text][\/et_pb_column][et_pb_column type=\u00bb1_2&#8243; _builder_version=\u00bb4.27.4&#8243; _module_preset=\u00bbdefault\u00bb global_colors_info=\u00bb{}\u00bb][et_pb_text _builder_version=\u00bb4.27.4&#8243; text_font=\u00bb||||||||\u00bb text_text_color=\u00bb#ffffff\u00bb text_font_size=\u00bb20px\u00bb header_font=\u00bb||||||||\u00bb header_2_font=\u00bb||||||||\u00bb header_2_text_color=\u00bb#ffffff\u00bb header_2_font_size=\u00bb33px\u00bb header_2_line_height=\u00bb1.2em\u00bb max_width=\u00bb60%\u00bb max_width_tablet=\u00bb100%\u00bb max_width_phone=\u00bb100%\u00bb max_width_last_edited=\u00bbon|desktop\u00bb custom_margin=\u00bb||0px||false|false\u00bb custom_margin_tablet=\u00bb0px||||false|false\u00bb custom_margin_phone=\u00bb|0px||0px|false|false\u00bb custom_margin_last_edited=\u00bbon|tablet\u00bb custom_padding=\u00bb5px||41px||false|false\u00bb custom_padding_tablet=\u00bb77px||50px|0px|false|false\u00bb custom_padding_phone=\u00bb73px|0px|50px|0px|false|false\u00bb custom_padding_last_edited=\u00bbon|phone\u00bb header_2_text_align_tablet=\u00bbleft\u00bb header_2_text_align_phone=\u00bb\u00bb header_2_text_align_last_edited=\u00bbon|tablet\u00bb header_2_font_size_tablet=\u00bb\u00bb header_2_font_size_phone=\u00bb35px\u00bb header_2_font_size_last_edited=\u00bbon|phone\u00bb custom_css_main_element=\u00bb||\u00bb border_color_left=\u00bb#ffffff\u00bb border_width_all_tablet=\u00bb\u00bb border_width_all_phone=\u00bb\u00bb border_width_all_last_edited=\u00bbon|desktop\u00bb border_width_left_tablet=\u00bb0px\u00bb border_width_left_phone=\u00bb0px\u00bb border_width_left_last_edited=\u00bbon|phone\u00bb global_colors_info=\u00bb{}\u00bb]<\/p>\n<h2>Suscr\u00edbase a nuestros boletines de prensa<\/h2>\n<p><span>Para seguir toda la actualidad de Novogen, suscr\u00edbase a nuestro bolet\u00edn de prensa o s\u00edganos en\u00a0<\/span><span><a href=\"https:\/\/fr.linkedin.com\/company\/novogen-layers\" target=\"_blank\" rel=\"noopener noreferrer\">Linkedin<\/a><\/span><span>.<\/span><\/p>\n<p>[\/et_pb_text][et_pb_button button_url=\u00bbhttps:\/\/65bac61a.sibforms.com\/serve\/MUIEADErhOOJS3MUBMIgqbMsaM1M4UXRkt_MdMoX464qJjDN2-GQ1MkGb-o8V68eo_WHEHRxjhQV9Sj97fjVFw2tHVEsMNxXMfUL3D3-ZLqPIZVLqrXlzAkMV0RDrdejKGZS_FnbenUQTqv7AjLkb5cTT4fYavyAdi9XSDNw58-gDw7-KwsQcrj0dS9Kkq0QncHulPJFql7hmC7i\u00bb url_new_window=\u00bbon\u00bb button_text=\u00bbINSCRIBIRSE\u00bb _builder_version=\u00bb4.27.4&#8243; _module_preset=\u00bbdefault\u00bb custom_margin=\u00bb||||false|false\u00bb custom_padding=\u00bb10px|20px|10px|20px|true|true\u00bb global_colors_info=\u00bb{}\u00bb][\/et_pb_button][\/et_pb_column][\/et_pb_row][\/et_pb_section][et_pb_section fb_built=\u00bb1&#8243; module_id=\u00bbcontact\u00bb _builder_version=\u00bb4.27.4&#8243; _module_preset=\u00bbdefault\u00bb custom_padding=\u00bb100px|7%|0px|7%|false|true\u00bb custom_padding_tablet=\u00bb50px||||false|true\u00bb global_colors_info=\u00bb{}\u00bb][et_pb_row _builder_version=\u00bb4.27.4&#8243; _module_preset=\u00bbdefault\u00bb custom_padding=\u00bb||0px|||\u00bb global_colors_info=\u00bb{}\u00bb][et_pb_column type=\u00bb4_4&#8243; _builder_version=\u00bb4.27.4&#8243; _module_preset=\u00bbdefault\u00bb global_colors_info=\u00bb{}\u00bb][et_pb_code _builder_version=\u00bb4.27.4&#8243; _module_preset=\u00bbdefault\u00bb global_colors_info=\u00bb{}\u00bb]        <div class=\"md:grid grid-cols-5 gap-16 pb-[120px]! bg-no-repeat! bg-[350px_auto]! bg-[left_bottom]! bg-[url(\/wp-content\/uploads\/2025\/01\/arrondi-oeuf.svg)]!\">\n            <div class=\"col-span-2\">\n                <h2 class=\"pb-0! text-[#004a7c]! text-[37px]!\">Investigaci\u00f3n<\/h2>\n                <div class=\"w-24 my-8! border-b! border-black!\"><\/div>\n            <\/div>\n            <div class=\"col-span-3\">\n                <form class=\"relative\"\n                      hx-get=\"https:\/\/novogen-layers.com\/wp-admin\/admin-ajax.php?action=contact_suggestions\"\n                      hx-trigger=\"submit changed, input[target.value.length >= 2] changed from:#contact-search delay:300ms, focus changed from:#contact-search\"\n                      hx-target=\"#contact-search-suggestions\"\n                      hx-on:focusout=\"(!event.relatedTarget || !this.contains(event.relatedTarget)) && (this.children['contact-search-suggestions'].style.display = 'none')\">\n                    <label for=\"contact-search\" class=\"sr-only\">Investigaci\u00f3n<\/label>\n                    <input type=\"search\"\n                           name=\"query\"\n                           id=\"contact-search\"\n                           placeholder=\"Introduzca el nombre de su pa\u00eds\"\n                           class=\"w-full block px-6 py-4 relative z-10 border border-black rounded-lg shadow-md\"\n                           autocomplete=\"off\"\n                           hx-on:focus=\"this.form.children['contact-search-suggestions'].style.display = ''\">\n                    <svg class=\"size-5 animate-spin text-[#004a7c] htmx-indicator absolute top-0 right-0 z-10 m-4\"\n                         xmlns=\"http:\/\/www.w3.org\/2000\/svg\" fill=\"none\" viewBox=\"0 0 24 24\">\n                        <circle class=\"opacity-25\" cx=\"12\" cy=\"12\" r=\"10\" stroke=\"currentColor\"\n                                stroke-width=\"4\"><\/circle>\n                        <path class=\"opacity-75\" fill=\"currentColor\"\n                              d=\"M4 12a8 8 0 018-8V0C5.373 0 0 5.373 0 12h4zm2 5.291A7.962 7.962 0 014 12H0c0 3.042 1.135 5.824 3 7.938l3-2.647z\"><\/path>\n                    <\/svg>\n                    <div id=\"contact-search-suggestions\"><\/div>\n                <\/form>\n                <div id=\"contact-search-results-loading\" class=\"flex justify-center items-center mt-16 htmx-indicator\">\n                    <svg class=\"size-5 mr-2 animate-spin text-[#004a7c]\"\n                         xmlns=\"http:\/\/www.w3.org\/2000\/svg\" fill=\"none\" viewBox=\"0 0 24 24\">\n                        <circle class=\"opacity-25\" cx=\"12\" cy=\"12\" r=\"10\" stroke=\"currentColor\"\n                                stroke-width=\"4\"><\/circle>\n                        <path class=\"opacity-75\" fill=\"currentColor\"\n                              d=\"M4 12a8 8 0 018-8V0C5.373 0 0 5.373 0 12h4zm2 5.291A7.962 7.962 0 014 12H0c0 3.042 1.135 5.824 3 7.938l3-2.647z\"><\/path>\n                    <\/svg>\n                    <span>Chargement&hellip;<\/span>\n                <\/div>\n                <div id=\"contact-search-results\"><\/div>\n            <\/div>\n        <\/div>\n\t\t[\/et_pb_code][\/et_pb_column][\/et_pb_row][\/et_pb_section]<\/p>\n","protected":false},"excerpt":{"rendered":"<p>ContactNOVOGEN 5, rue des compagnonsSecteur du Vau Ballier22960 PLEDRAN Tel : +33 2 96 58 12 60E-mail : contact.novogen@novogen-layers.comSuscr\u00edbase a nuestros boletines de prensa Para seguir toda la actualidad de Novogen, suscr\u00edbase a nuestro bolet\u00edn de prensa o s\u00edganos en\u00a0Linkedin.        <div class=\"md:grid grid-cols-5 gap-16 pb-[120px]! bg-no-repeat! bg-[350px_auto]! bg-[left_bottom]! bg-[url(\/wp-content\/uploads\/2025\/01\/arrondi-oeuf.svg)]!\">\n            <div class=\"col-span-2\">\n                <h2 class=\"pb-0! text-[#004a7c]! text-[37px]!\">Investigaci\u00f3n<\/h2>\n                <div class=\"w-24 my-8! border-b! border-black!\"><\/div>\n            <\/div>\n            <div class=\"col-span-3\">\n                <form class=\"relative\"\n                      hx-get=\"https:\/\/novogen-layers.com\/wp-admin\/admin-ajax.php?action=contact_suggestions\"\n                      hx-trigger=\"submit changed, input[target.value.length >= 2] changed from:#contact-search delay:300ms, focus changed from:#contact-search\"\n                      hx-target=\"#contact-search-suggestions\"\n                      hx-on:focusout=\"(!event.relatedTarget || !this.contains(event.relatedTarget)) && (this.children['contact-search-suggestions'].style.display = 'none')\">\n                    <label for=\"contact-search\" class=\"sr-only\">Investigaci\u00f3n<\/label>\n                    <input type=\"search\"\n                           name=\"query\"\n                           id=\"contact-search\"\n                           placeholder=\"Introduzca el nombre de su pa\u00eds\"\n                           class=\"w-full block px-6 py-4 relative z-10 border border-black rounded-lg shadow-md\"\n                           autocomplete=\"off\"\n                           hx-on:focus=\"this.form.children['contact-search-suggestions'].style.display = ''\">\n                    <svg class=\"size-5 animate-spin text-[#004a7c] htmx-indicator absolute top-0 right-0 z-10 m-4\"\n                         xmlns=\"http:\/\/www.w3.org\/2000\/svg\" fill=\"none\" viewBox=\"0 0 24 24\">\n                        <circle class=\"opacity-25\" cx=\"12\" cy=\"12\" r=\"10\" stroke=\"currentColor\"\n                                stroke-width=\"4\"><\/circle>\n                        <path class=\"opacity-75\" fill=\"currentColor\"\n                              d=\"M4 12a8 8 0 018-8V0C5.373 0 0 5.373 0 12h4zm2 5.291A7.962 7.962 0 014 12H0c0 3.042 1.135 5.824 3 7.938l3-2.647z\"><\/path>\n                    <\/svg>\n                    <div id=\"contact-search-suggestions\"><\/div>\n                <\/form>\n                <div id=\"contact-search-results-loading\" class=\"flex justify-center items-center mt-16 htmx-indicator\">\n                    <svg class=\"size-5 mr-2 animate-spin text-[#004a7c]\"\n                         xmlns=\"http:\/\/www.w3.org\/2000\/svg\" fill=\"none\" viewBox=\"0 0 24 24\">\n                        <circle class=\"opacity-25\" cx=\"12\" cy=\"12\" r=\"10\" stroke=\"currentColor\"\n                                stroke-width=\"4\"><\/circle>\n                        <path class=\"opacity-75\" fill=\"currentColor\"\n                              d=\"M4 12a8 8 0 018-8V0C5.373 0 0 5.373 0 12h4zm2 5.291A7.962 7.962 0 014 12H0c0 3.042 1.135 5.824 3 7.938l3-2.647z\"><\/path>\n                    <\/svg>\n                    <span>Chargement&hellip;<\/span>\n                <\/div>\n                <div id=\"contact-search-results\"><\/div>\n            <\/div>\n        <\/div>\n\t\t<\/p>\n","protected":false},"author":11,"featured_media":0,"parent":0,"menu_order":0,"comment_status":"closed","ping_status":"closed","template":"","meta":{"_acf_changed":false,"_et_pb_use_builder":"on","_et_pb_old_content":"","_et_gb_content_width":"","footnotes":"","_links_to":"","_links_to_target":""},"class_list":["post-63305","page","type-page","status-publish","hentry"],"acf":[],"yoast_head":"<!-- This site is optimized with the Yoast SEO plugin v27.2 - https:\/\/yoast.com\/product\/yoast-seo-wordpress\/ -->\n<title>Contacta con novogen en tu pa\u00eds<\/title>\n<meta name=\"description\" content=\"\u00bfTienes alguna pregunta? \u00bfUn proyecto? No dudes en contactarnos para m\u00e1s informaci\u00f3n. Estaremos encantados de discutir con usted.\" \/>\n<meta name=\"robots\" content=\"index, follow, max-snippet:-1, max-image-preview:large, max-video-preview:-1\" \/>\n<link rel=\"canonical\" href=\"https:\/\/novogen-layers.com\/es\/contacto\/\" \/>\n<meta property=\"og:locale\" content=\"es_ES\" \/>\n<meta property=\"og:type\" content=\"article\" \/>\n<meta property=\"og:title\" content=\"Contacta con novogen en tu pa\u00eds\" \/>\n<meta property=\"og:description\" content=\"\u00bfTienes alguna pregunta? \u00bfUn proyecto? No dudes en contactarnos para m\u00e1s informaci\u00f3n. Estaremos encantados de discutir con usted.\" \/>\n<meta property=\"og:url\" content=\"https:\/\/novogen-layers.com\/es\/contacto\/\" \/>\n<meta property=\"og:site_name\" content=\"Novogen Layers\" \/>\n<meta property=\"article:modified_time\" content=\"2025-07-30T15:55:29+00:00\" \/>\n<meta name=\"twitter:card\" content=\"summary_large_image\" \/>\n<meta name=\"twitter:label1\" content=\"Tiempo de lectura\" \/>\n\t<meta name=\"twitter:data1\" content=\"1 minuto\" \/>\n<script type=\"application\/ld+json\" class=\"yoast-schema-graph\">{\"@context\":\"https:\/\/schema.org\",\"@graph\":[{\"@type\":\"WebPage\",\"@id\":\"https:\/\/novogen-layers.com\/es\/contacto\/\",\"url\":\"https:\/\/novogen-layers.com\/es\/contacto\/\",\"name\":\"Contacta con novogen en tu pa\u00eds\",\"isPartOf\":{\"@id\":\"https:\/\/novogen-layers.com\/es\/#website\"},\"datePublished\":\"2020-04-23T08:59:05+00:00\",\"dateModified\":\"2025-07-30T15:55:29+00:00\",\"description\":\"\u00bfTienes alguna pregunta? \u00bfUn proyecto? No dudes en contactarnos para m\u00e1s informaci\u00f3n. Estaremos encantados de discutir con usted.\",\"breadcrumb\":{\"@id\":\"https:\/\/novogen-layers.com\/es\/contacto\/#breadcrumb\"},\"inLanguage\":\"es\",\"potentialAction\":[{\"@type\":\"ReadAction\",\"target\":[\"https:\/\/novogen-layers.com\/es\/contacto\/\"]}]},{\"@type\":\"BreadcrumbList\",\"@id\":\"https:\/\/novogen-layers.com\/es\/contacto\/#breadcrumb\",\"itemListElement\":[{\"@type\":\"ListItem\",\"position\":1,\"name\":\"Accueil\",\"item\":\"https:\/\/novogen-layers.com\/es\/\"},{\"@type\":\"ListItem\",\"position\":2,\"name\":\"Contacto\"}]},{\"@type\":\"WebSite\",\"@id\":\"https:\/\/novogen-layers.com\/es\/#website\",\"url\":\"https:\/\/novogen-layers.com\/es\/\",\"name\":\"Novogen Layers\",\"description\":\"Prendre soin de la vie\",\"publisher\":{\"@id\":\"https:\/\/novogen-layers.com\/es\/#organization\"},\"potentialAction\":[{\"@type\":\"SearchAction\",\"target\":{\"@type\":\"EntryPoint\",\"urlTemplate\":\"https:\/\/novogen-layers.com\/es\/?s={search_term_string}\"},\"query-input\":{\"@type\":\"PropertyValueSpecification\",\"valueRequired\":true,\"valueName\":\"search_term_string\"}}],\"inLanguage\":\"es\"},{\"@type\":\"Organization\",\"@id\":\"https:\/\/novogen-layers.com\/es\/#organization\",\"name\":\"Novogen\",\"url\":\"https:\/\/novogen-layers.com\/es\/\",\"logo\":{\"@type\":\"ImageObject\",\"inLanguage\":\"es\",\"@id\":\"https:\/\/novogen-layers.com\/es\/#\/schema\/logo\/image\/\",\"url\":\"https:\/\/novogen-layers.com\/wp-content\/uploads\/2022\/01\/logocarre_V2.svg\",\"contentUrl\":\"https:\/\/novogen-layers.com\/wp-content\/uploads\/2022\/01\/logocarre_V2.svg\",\"width\":512,\"height\":350,\"caption\":\"Novogen\"},\"image\":{\"@id\":\"https:\/\/novogen-layers.com\/es\/#\/schema\/logo\/image\/\"}}]}<\/script>\n<!-- \/ Yoast SEO plugin. -->","yoast_head_json":{"title":"Contacta con novogen en tu pa\u00eds","description":"\u00bfTienes alguna pregunta? \u00bfUn proyecto? No dudes en contactarnos para m\u00e1s informaci\u00f3n. Estaremos encantados de discutir con usted.","robots":{"index":"index","follow":"follow","max-snippet":"max-snippet:-1","max-image-preview":"max-image-preview:large","max-video-preview":"max-video-preview:-1"},"canonical":"https:\/\/novogen-layers.com\/es\/contacto\/","og_locale":"es_ES","og_type":"article","og_title":"Contacta con novogen en tu pa\u00eds","og_description":"\u00bfTienes alguna pregunta? \u00bfUn proyecto? No dudes en contactarnos para m\u00e1s informaci\u00f3n. Estaremos encantados de discutir con usted.","og_url":"https:\/\/novogen-layers.com\/es\/contacto\/","og_site_name":"Novogen Layers","article_modified_time":"2025-07-30T15:55:29+00:00","twitter_card":"summary_large_image","twitter_misc":{"Tiempo de lectura":"1 minuto"},"schema":{"@context":"https:\/\/schema.org","@graph":[{"@type":"WebPage","@id":"https:\/\/novogen-layers.com\/es\/contacto\/","url":"https:\/\/novogen-layers.com\/es\/contacto\/","name":"Contacta con novogen en tu pa\u00eds","isPartOf":{"@id":"https:\/\/novogen-layers.com\/es\/#website"},"datePublished":"2020-04-23T08:59:05+00:00","dateModified":"2025-07-30T15:55:29+00:00","description":"\u00bfTienes alguna pregunta? \u00bfUn proyecto? No dudes en contactarnos para m\u00e1s informaci\u00f3n. Estaremos encantados de discutir con usted.","breadcrumb":{"@id":"https:\/\/novogen-layers.com\/es\/contacto\/#breadcrumb"},"inLanguage":"es","potentialAction":[{"@type":"ReadAction","target":["https:\/\/novogen-layers.com\/es\/contacto\/"]}]},{"@type":"BreadcrumbList","@id":"https:\/\/novogen-layers.com\/es\/contacto\/#breadcrumb","itemListElement":[{"@type":"ListItem","position":1,"name":"Accueil","item":"https:\/\/novogen-layers.com\/es\/"},{"@type":"ListItem","position":2,"name":"Contacto"}]},{"@type":"WebSite","@id":"https:\/\/novogen-layers.com\/es\/#website","url":"https:\/\/novogen-layers.com\/es\/","name":"Novogen Layers","description":"Prendre soin de la vie","publisher":{"@id":"https:\/\/novogen-layers.com\/es\/#organization"},"potentialAction":[{"@type":"SearchAction","target":{"@type":"EntryPoint","urlTemplate":"https:\/\/novogen-layers.com\/es\/?s={search_term_string}"},"query-input":{"@type":"PropertyValueSpecification","valueRequired":true,"valueName":"search_term_string"}}],"inLanguage":"es"},{"@type":"Organization","@id":"https:\/\/novogen-layers.com\/es\/#organization","name":"Novogen","url":"https:\/\/novogen-layers.com\/es\/","logo":{"@type":"ImageObject","inLanguage":"es","@id":"https:\/\/novogen-layers.com\/es\/#\/schema\/logo\/image\/","url":"https:\/\/novogen-layers.com\/wp-content\/uploads\/2022\/01\/logocarre_V2.svg","contentUrl":"https:\/\/novogen-layers.com\/wp-content\/uploads\/2022\/01\/logocarre_V2.svg","width":512,"height":350,"caption":"Novogen"},"image":{"@id":"https:\/\/novogen-layers.com\/es\/#\/schema\/logo\/image\/"}}]}},"publishpress_future_action":{"enabled":false,"date":"2026-04-25 05:26:57","action":"change-status","newStatus":"draft","terms":[],"taxonomy":"translation_priority","extraData":[]},"publishpress_future_workflow_manual_trigger":{"enabledWorkflows":[]},"_links":{"self":[{"href":"https:\/\/novogen-layers.com\/es\/wp-json\/wp\/v2\/pages\/63305","targetHints":{"allow":["GET"]}}],"collection":[{"href":"https:\/\/novogen-layers.com\/es\/wp-json\/wp\/v2\/pages"}],"about":[{"href":"https:\/\/novogen-layers.com\/es\/wp-json\/wp\/v2\/types\/page"}],"author":[{"embeddable":true,"href":"https:\/\/novogen-layers.com\/es\/wp-json\/wp\/v2\/users\/11"}],"replies":[{"embeddable":true,"href":"https:\/\/novogen-layers.com\/es\/wp-json\/wp\/v2\/comments?post=63305"}],"version-history":[{"count":0,"href":"https:\/\/novogen-layers.com\/es\/wp-json\/wp\/v2\/pages\/63305\/revisions"}],"wp:attachment":[{"href":"https:\/\/novogen-layers.com\/es\/wp-json\/wp\/v2\/media?parent=63305"}],"curies":[{"name":"wp","href":"https:\/\/api.w.org\/{rel}","templated":true}]}}